{"id":449,"date":"2025-11-28T22:32:07","date_gmt":"2025-11-29T01:32:07","guid":{"rendered":"http:\/\/kmmotocar.com.br\/?page_id=449"},"modified":"2025-12-09T21:47:44","modified_gmt":"2025-12-10T00:47:44","slug":"contato","status":"publish","type":"page","link":"https:\/\/kmmotocar.com.br\/?page_id=449","title":{"rendered":"Contato"},"content":{"rendered":"\n<p><strong>Fale Conosco!<\/strong><\/p>\n\n\n\n<p>No KM MotoCar, valorizamos muito o feedback de nossa comunidade. Se voc\u00ea \u00e9 um leitor, uma marca ou um entusiasta de motos e carros, adorar\u00edamos ouvir de voc\u00ea.<\/p>\n\n\n<div class=\"wpforms-container wpforms-block wpforms-block-d928e850-79de-46f1-9fbc-e202d9f2a358 wpforms-render-modern\" id=\"wpforms-239\"><form id=\"wpforms-form-239\" class=\"wpforms-validate wpforms-form\" data-formid=\"239\" method=\"post\" enctype=\"multipart\/form-data\" action=\"\/index.php?rest_route=%2Fwp%2Fv2%2Fpages%2F449\" data-token=\"fb60c58a15d3ba0de05fd1e5de6915ee\" data-token-time=\"1776499744\"><noscript class=\"wpforms-error-noscript\">Ative o JavaScript no seu navegador para preencher este formul\u00e1rio.<\/noscript><div id=\"wpforms-error-noscript\" style=\"display: none;\">Ative o JavaScript no seu navegador para preencher este formul\u00e1rio.<\/div><div class=\"wpforms-field-container\"><div id=\"wpforms-239-field_0-container\" class=\"wpforms-field wpforms-field-name\" data-field-id=\"0\"><label class=\"wpforms-field-label\" for=\"wpforms-239-field_0\">Nome Completo <span class=\"wpforms-required-label\" aria-hidden=\"true\">*<\/span><\/label><input type=\"text\" id=\"wpforms-239-field_0\" class=\"wpforms-field-large wpforms-field-required\" name=\"wpforms[fields][0]\" aria-errormessage=\"wpforms-239-field_0-error\" required><\/div><div id=\"wpforms-239-field_1-container\" class=\"wpforms-field wpforms-field-email\" data-field-id=\"1\"><label class=\"wpforms-field-label\" for=\"wpforms-239-field_1\">E-mail <span class=\"wpforms-required-label\" aria-hidden=\"true\">*<\/span><\/label><input type=\"email\" id=\"wpforms-239-field_1\" class=\"wpforms-field-large wpforms-field-required\" name=\"wpforms[fields][1]\" spellcheck=\"false\" aria-errormessage=\"wpforms-239-field_1-error\" required><\/div><div id=\"wpforms-239-field_3-container\" class=\"wpforms-field wpforms-field-text\" data-field-id=\"3\"><label class=\"wpforms-field-label\" for=\"wpforms-239-field_3\">Objetivo<\/label><input type=\"text\" id=\"wpforms-239-field_3\" class=\"wpforms-field-large\" name=\"wpforms[fields][3]\" aria-errormessage=\"wpforms-239-field_3-error\" ><\/div><div id=\"wpforms-239-field_2-container\" class=\"wpforms-field wpforms-field-textarea\" data-field-id=\"2\"><label class=\"wpforms-field-label\" for=\"wpforms-239-field_2\">Menssagem <span class=\"wpforms-required-label\" aria-hidden=\"true\">*<\/span><\/label><textarea id=\"wpforms-239-field_2\" class=\"wpforms-field-medium wpforms-field-required\" name=\"wpforms[fields][2]\" aria-errormessage=\"wpforms-239-field_2-error\" required><\/textarea><\/div><\/div><!-- .wpforms-field-container --><div class=\"wpforms-submit-container\" ><input type=\"hidden\" name=\"wpforms[id]\" value=\"239\"><input type=\"hidden\" name=\"page_title\" value=\"\"><input type=\"hidden\" name=\"page_url\" value=\"https:\/\/kmmotocar.com.br\/index.php?rest_route=\/wp\/v2\/pages\/449\"><input type=\"hidden\" name=\"url_referer\" value=\"\"><button type=\"submit\" name=\"wpforms[submit]\" id=\"wpforms-submit-239\" class=\"wpforms-submit\" data-alt-text=\"Enviando...\" data-submit-text=\"Enviar Mensagem\" aria-live=\"assertive\" value=\"wpforms-submit\">Enviar Mensagem<\/button><\/div><\/form><\/div>  <!-- .wpforms-container -->\n\n\n<p><\/p>\n\n\n\n<p><strong>Tamb\u00e9m voc\u00ea pode nos contatar por:<\/strong><\/p>\n\n\n\n<ul class=\"wp-block-list\">\n<li><strong>E-mail:<\/strong>&nbsp;contato@kmmotocar.com.br<\/li>\n<\/ul>\n\n\n\n<p><strong>Siga-nos nas Redes Sociais:<\/strong><\/p>\n\n\n\n<ul class=\"wp-block-list\">\n<li>Instagram: @kmmotocar<\/li>\n<\/ul>\n\n\n\n<p>Responderemos o mais breve poss\u00edvel!<\/p>\n","protected":false},"excerpt":{"rendered":"<p>Fale Conosco! No KM MotoCar, valorizamos muito o feedback de nossa comunidade. Se voc\u00ea \u00e9 um leitor, uma marca ou um entusiasta de motos e carros, adorar\u00edamos ouvir de voc\u00ea. Tamb\u00e9m voc\u00ea pode nos contatar por: Siga-nos nas Redes Sociais: Responderemos o mais breve poss\u00edvel!<\/p>\n","protected":false},"author":1,"featured_media":0,"parent":0,"menu_order":0,"comment_status":"closed","ping_status":"closed","template":"","meta":{"footnotes":""},"class_list":["post-449","page","type-page","status-publish","hentry"],"blocksy_meta":{"page_structure_type":"type-1","styles_descriptor":{"styles":{"desktop":"","tablet":"","mobile":""},"google_fonts":[],"version":6}},"_links":{"self":[{"href":"https:\/\/kmmotocar.com.br\/index.php?rest_route=\/wp\/v2\/pages\/449","targetHints":{"allow":["GET"]}}],"collection":[{"href":"https:\/\/kmmotocar.com.br\/index.php?rest_route=\/wp\/v2\/pages"}],"about":[{"href":"https:\/\/kmmotocar.com.br\/index.php?rest_route=\/wp\/v2\/types\/page"}],"author":[{"embeddable":true,"href":"https:\/\/kmmotocar.com.br\/index.php?rest_route=\/wp\/v2\/users\/1"}],"replies":[{"embeddable":true,"href":"https:\/\/kmmotocar.com.br\/index.php?rest_route=%2Fwp%2Fv2%2Fcomments&post=449"}],"version-history":[{"count":3,"href":"https:\/\/kmmotocar.com.br\/index.php?rest_route=\/wp\/v2\/pages\/449\/revisions"}],"predecessor-version":[{"id":487,"href":"https:\/\/kmmotocar.com.br\/index.php?rest_route=\/wp\/v2\/pages\/449\/revisions\/487"}],"wp:attachment":[{"href":"https:\/\/kmmotocar.com.br\/index.php?rest_route=%2Fwp%2Fv2%2Fmedia&parent=449"}],"curies":[{"name":"wp","href":"https:\/\/api.w.org\/{rel}","templated":true}]}}